{"id":130,"date":"2017-10-25T11:35:11","date_gmt":"2017-10-25T09:35:11","guid":{"rendered":"http:\/\/elvestidordeemma.com\/?page_id=130"},"modified":"2020-02-25T12:43:19","modified_gmt":"2020-02-25T10:43:19","slug":"condiciones-legales","status":"publish","type":"page","link":"https:\/\/elvestidordeemma.com\/index.php\/condiciones-legales\/","title":{"rendered":"Condiciones legales"},"content":{"rendered":"\n<h3 class=\"wp-block-heading\"> 1. Objeto<\/h3>\n\n\n\n<p>Las presentes Condiciones Generales tienen por objeto regular las condiciones de uso y utilizaci\u00f3n del portal de Internet emplazado en la direcci\u00f3n www.elvestidordeemma.com y de la que es titular EMSC con CIF B90479510, con nombre fiscal MUSATEX INTERNACIONAL 2020 S.L. y comercial El Vestidor de Emma y domicilio social en Calle Berl\u00edn, n\u00ba29, 41808 Villanueva del Ariscal, Sevilla (info@elvestidordeemma.com).<br> La p\u00e1gina web ha sido elaborada para dar a conocer y permitir el acceso a la informaci\u00f3n en ella contenida, con las restricciones y limitaciones que imponen las presentes Condiciones Generales, as\u00ed como permitir y posibilitar el acceso a otras p\u00e1ginas con las que el portal tenga relaciones comerciales, profesionales o de cualquier otra \u00edndole.<br> La mera utilizaci\u00f3n del portal, atribuye a qui\u00e9n haga uso de ella, la condici\u00f3n de usuario, qui\u00e9n declara conocer y aceptar sin reserva ni excepci\u00f3n alguna, todas y cada una de las Condiciones Generales que en este documento se exponen.<br> La propietaria de la web est\u00e1 facultada para modificar unilateralmente todas y cada una de las obligaciones dispuestas en las presentes Condiciones Generales.<br> Igualmente est\u00e1 capacitada para reestructurar, modificar o eliminar cualquier informaci\u00f3n, servicio o contenido incluido en el portal, sin necesidad de previo aviso.<\/p>\n\n\n\n<h3 class=\"wp-block-heading\">2. Derechos y Obligaciones del Usuario<\/h3>\n\n\n\n<p>2.1. Condiciones de Acceso y Uso <br> A trav\u00e9s de la direcci\u00f3n emplazada en www.elvestidordeemma.com cualquier usuario podr\u00e1 acceder gratuitamente a la informaci\u00f3n contenida en la citada p\u00e1gina web.<br> Las condiciones de acceso al portal est\u00e1n supeditadas a las disposiciones legales vigentes en cada momento, as\u00ed como a los principios de buena fe y uso l\u00edcito por parte del usuario, prohibi\u00e9ndose expresa y taxativamente cualquier tipo de actuaci\u00f3n que pudiera ir en detrimento o perjuicio del portal o de terceros.<\/p>\n\n\n\n<p>2.2. Contenido y Actuaciones del Usuario <br> El usuario se compromete a hacer un uso l\u00edcito, diligente, honrado y correcto de cuanta informaci\u00f3n o contenido tenga acceso bien a trav\u00e9s de la p\u00e1gina web de El Vestidor de Emma o de terceros previamente proporcionada por www.elvestidordeemma.com y todo ello bajo los principios de la buena fe y con respeto en todo momento a la legalidad vigente.<br> El usuario deber\u00e1 abstenerse de obtener, salvo para uso personal, toda informaci\u00f3n (enti\u00e9ndase por informaci\u00f3n como cualquier mensaje, archivos de sonido, fotograf\u00edas, dibujos, software y en general cualquier clase o tipo de archivo inform\u00e1tico, gr\u00e1fico, etc.) que sea propiedad del portal.<\/p>\n\n\n\n<p>Igualmente, el usuario adquiere el compromiso de no provocar ni maliciosa ni intencionadamente da\u00f1os o perjuicios que puedan menoscabar, alterar el propio portal, as\u00ed como no introducir, ni difundir \u201cvirus inform\u00e1ticos\u201d que puedan producir alteraciones no autorizadas de los contenidos o sistemas integrantes del portal. El compromiso adquirido se ha de regir sobre la utilizaci\u00f3n de contenidos de conformidad con lo dispuesto en la ley, moral y orden p\u00fablico; no copiar, reproducir, distribuir, ceder, transformar o modificar los contenidos sin previo consentimiento y por escrito de El Vestidor de Emma o persona por esta delegada.<\/p>\n\n\n\n<h3 class=\"wp-block-heading\">3. Funcionamiento Operativo<\/h3>\n\n\n\n<p>El plazo de env\u00edo estimado de productos en stock es de 24 a 72 horas en la pen\u00ednsula y Portugal, de 4 a 6 d\u00edas h\u00e1biles en Canarias, Ceuta y Melilla, y de 6 a 10 d\u00edas h\u00e1biles al resto de Europa. El Vestidor de Emma no garantizar\u00e1 los plazos de entrega de los env\u00edos, ya que dependen en gran medida de la rapidez del usuario y del operador log\u00edstico correspondiente. No se aceptar\u00e1n reclamaciones por esta causa.<br> Las tarifas de env\u00edo ser\u00e1n las publicadas en el portal y podr\u00e1n ser modificadas sin previo aviso.<\/p>\n\n\n\n<h3 class=\"wp-block-heading\">4. Garant\u00edas<\/h3>\n\n\n\n<p>Las garant\u00edas de los productos comercializados en el portal son las establecidas por los vendedores.<\/p>\n\n\n\n<h3 class=\"wp-block-heading\">5. Env\u00edos y Devoluciones<\/h3>\n\n\n\n<p>El Vestidor de Emma, pretende que el proceso de compra por Internet no suponga para el consumidor ninguna molestia a\u00f1adida respecto a otros sistemas.<\/p>\n\n\n\n<p>Los env\u00edos ser\u00e1n realizados por el transportista contratado por El Vestidor de Emma, en un plazo de 24 a 72 horas para productos en stock, a cualquier destino de la pen\u00ednsula, incluyendo Portugal. De 4 a 6 d\u00edas h\u00e1biles a Canarias, Ceuta y Melilla. De 6 a 10 d\u00edas h\u00e1biles al resto de Europa.<\/p>\n\n\n\n<p>En caso de desperfectos causados por el transporte o error por parte de El Vestidor de Emma, tiene derecho a que se le reenv\u00ede el mismo art\u00edculo de forma correcta o a la cancelaci\u00f3n del pedido y devoluci\u00f3n del importe \u00edntegro de la compra en caso de que no hubiese stock de dicho producto. Es necesario notificar los posibles errores o desperfectos en las siguientes 48 horas desde la recepci\u00f3n del pedido. Los productos, no deben haber sido utilizados.<\/p>\n\n\n\n<p>No se devolver\u00e1 el dinero en met\u00e1lico, el plazo ser\u00e1 de 72 horas desde la recepci\u00f3n del pedido y se efectuar\u00e1 un cambio por otra talla o art\u00edculo. Los productos no deben haber sido utilizados. El embalaje original es parte del producto que est\u00e1 devolviendo y por tanto, no debe haber sido manipulado.<\/p>\n\n\n\n<p>El procedimiento para el cambio, ser\u00e1 el siguiente, sin el cual, no podr\u00e1 aceptarse el mismo.<br> Deber\u00e1 remitir un email a pedidos@elvestidordeemma.com incluyendo la siguiente informaci\u00f3n:<br> \u00b7    Nombre y direcci\u00f3n de email con el que efectu\u00f3 la compra<br> \u00b7    Fecha del pedido<br> \u00b7    Productos comprados<br> \u00b7    Art\u00edculo o talla por la que va a realizar el cambio<\/p>\n\n\n\n<p>Los gastos de env\u00edo ser\u00e1n por cuenta del cliente. Recuerde que rechazaremos cualquier paquete que no siga este procedimiento.<\/p>\n\n\n\n<h3 class=\"wp-block-heading\">6. Disponibilidad<\/h3>\n\n\n\n<p>Los pedidos ser\u00e1n enviados siempre y cuando tengamos stock disponible en nuestro almac\u00e9n. En caso de que no tuvi\u00e9ramos disponibilidad puntual de alg\u00fan art\u00edculo El Vestidor de Emma se compromete a ponerse en contacto con el cliente mediante correo electr\u00f3nico o por tel\u00e9fono en un plazo de 7 d\u00edas, desde la fecha del pedido. Para comunicar al cliente el plazo en el que podr\u00e1 disponer de dicho art\u00edculo(s). En caso de que un producto de su pedido no estuviera disponible, El Vestidor de Emma se compromete a enviarle el resto del pedido disponible, as\u00ed como a proponer una alternativa para sustituir el producto no disponible. Si no fuera posible, reembolsar\u00edamos el importe del art\u00edculo no disponible.<\/p>\n\n\n\n<h3 class=\"wp-block-heading\">7. Protecci\u00f3n de Datos<\/h3>\n\n\n\n<p>El Vestidor de Emma en virtud de la normativa legal existente al respecto, tiene implantado en el seno de su organizaci\u00f3n un sistema para preservar la seguridad, integridad y confidencialidad de los datos considerados como personales.<br> Para ello adem\u00e1s de cumplir \u00edntegramente todos y cada uno de los requisitos dispuestos en la Ley Org\u00e1nica 15\/1999, de 13 de diciembre, de Protecci\u00f3n de Datos de Car\u00e1cter Personal, garantiza un uso no solo legal sino leal de los datos personales, as\u00ed como un sistema adecuado para ejercitar los derechos de acceso rectificaci\u00f3n, cancelaci\u00f3n y oposici\u00f3n dispuestos en la ya mencionada Ley Org\u00e1nica y de conformidad con el art\u00edculo 10 de la Ley 34\/2002 de 11 de julio.<br> La contrataci\u00f3n por parte de los usuarios de los servicios prestados en este portal, implicar\u00e1 el consentimiento expreso de este, para el uso y tratamiento de datos por El Vestidor de Emma.<br> La web www.elvestidordeemma.com alojar\u00e1 todos los datos personales de sus usuarios en un fichero automatizado cuya finalidad es la gesti\u00f3n, control, prevenci\u00f3n y mantenimiento del servicio a prestar.<br> Dicho fichero, cumple con todos los requisitos y garant\u00edas dispuestas en la normativa sobre Protecci\u00f3n de Datos. El Vestidor de Emma recabar\u00e1 \u00fanica y exclusivamente los datos personales de los usuarios, siendo estos en todo momento, adecuados, pertinentes<\/p>\n\n\n\n<p>y no excesivos. Los Usuarios autorizan a El Vestidor de Emma a tratar automatizadamente sus datos personales inform\u00e1ndole as\u00ed mismo que puede dirigirse al Departamento de Registro de El Vestidor de Emma para ejercitar sus derechos de acceso, rectificaci\u00f3n, cancelaci\u00f3n y oposici\u00f3n en la direcci\u00f3n que a tal efecto se se\u00f1ala.<br>\nEl Vestidor de Emma se compromete al cumplimiento de su obligaci\u00f3n de guarda y custodia, a la confidencialidad y privacidad de los datos transmitidos. El Vestidor de Emma adquiere el compromiso de adoptar las medidas de seguridad impuestas por la Ley de Protecci\u00f3n de Datos en el nivel correspondiente, as\u00ed como adoptar las medidas necesarias para evitar su alteraci\u00f3n, perdida o acceso no autorizado, teniendo en cuenta en todo momento el estado de la tecnolog\u00eda.<br>\nDe conformidad con lo dispuesto en la pol\u00edtica de privacidad de El Vestidor de Emma, se hace constar que cualquier persona podr\u00e1 ejercitar sus derechos de acceso, rectificaci\u00f3n, cancelaci\u00f3n y en su caso, oposici\u00f3n mediante el env\u00edo de un email a la direcci\u00f3n pedidos@elvestidordeemma.com.<\/p>\n\n\n\n<h3 class=\"wp-block-heading\">8. Legislaci\u00f3n<\/h3>\n\n\n\n<p>Las presentes Condiciones Generales se someten a la legislaci\u00f3n espa\u00f1ola, que ser\u00e1 aplicable en relaci\u00f3n a su validez, interpretaci\u00f3n, ejecuci\u00f3n y cumplimiento. Todas las discrepancias, reclamaciones y controversias respecto a lo dispuesto anteriormente se resolver\u00e1n mediante un arbitraje de Derecho de acuerdo con las normas de la Corte Civil y Mercantil de arbitraje a cuya normativa se someter\u00e1n. Dicho Laudo estar\u00e1 compuesto por tres \u00e1rbitros nombrados conforme a dicha normativa. Si el arbitraje no llegara a realizarse por mutuo acuerdo o fuese declarado nulo, ambas partes se someten a los Juzgados y Tribunales de la ciudad de Sevilla, con renuncia expresa a su propio fuero si \u00e9ste fuese otro.<br> El usuario, declara haber le\u00eddo, conocer y aceptar las presentes Condiciones Generales en toda su extensi\u00f3n.<br> El Vestidor de Emma<\/p>\n","protected":false},"excerpt":{"rendered":"<p>1. Objeto Las presentes Condiciones Generales tienen por objeto regular las condiciones de uso y utilizaci\u00f3n del portal de Internet emplazado en la direcci\u00f3n www.elvestidordeemma.com y de la que es titular EMSC con CIF B90479510, con nombre fiscal MUSATEX INTERNACIONAL 2020 S.L. y comercial El Vestidor de Emma y domicilio social en Calle Berl\u00edn, n\u00ba29, [&hellip;]<\/p>\n","protected":false},"author":1,"featured_media":0,"parent":0,"menu_order":0,"comment_status":"closed","ping_status":"closed","template":"","meta":{"footnotes":""},"class_list":["post-130","page","type-page","status-publish","hentry"],"_links":{"self":[{"href":"https:\/\/elvestidordeemma.com\/index.php\/wp-json\/wp\/v2\/pages\/130","targetHints":{"allow":["GET"]}}],"collection":[{"href":"https:\/\/elvestidordeemma.com\/index.php\/wp-json\/wp\/v2\/pages"}],"about":[{"href":"https:\/\/elvestidordeemma.com\/index.php\/wp-json\/wp\/v2\/types\/page"}],"author":[{"embeddable":true,"href":"https:\/\/elvestidordeemma.com\/index.php\/wp-json\/wp\/v2\/users\/1"}],"replies":[{"embeddable":true,"href":"https:\/\/elvestidordeemma.com\/index.php\/wp-json\/wp\/v2\/comments?post=130"}],"version-history":[{"count":5,"href":"https:\/\/elvestidordeemma.com\/index.php\/wp-json\/wp\/v2\/pages\/130\/revisions"}],"predecessor-version":[{"id":24226,"href":"https:\/\/elvestidordeemma.com\/index.php\/wp-json\/wp\/v2\/pages\/130\/revisions\/24226"}],"wp:attachment":[{"href":"https:\/\/elvestidordeemma.com\/index.php\/wp-json\/wp\/v2\/media?parent=130"}],"curies":[{"name":"wp","href":"https:\/\/api.w.org\/{rel}","templated":true}]}}