{"id":133,"date":"2017-10-25T11:36:53","date_gmt":"2017-10-25T09:36:53","guid":{"rendered":"http:\/\/elvestidordeemma.com\/?page_id=133"},"modified":"2020-02-25T12:45:06","modified_gmt":"2020-02-25T10:45:06","slug":"politica-de-privacidad","status":"publish","type":"page","link":"https:\/\/elvestidordeemma.com\/index.php\/politica-de-privacidad\/","title":{"rendered":"Pol\u00edtica de privacidad"},"content":{"rendered":"\n<h3 class=\"wp-block-heading\">Privacidad<\/h3>\n\n\n\n<p>En cumplimiento de la LOPD 15\/1999 y de la LSSI-CE 34\/2002, se informa al interesado que los datos de car\u00e1cter personal que voluntariamente facilita, incluido su correo electr\u00f3nico, se incorporar\u00e1n a un fichero automatizado propiedad y responsabilidad de El Vestidor de Emma. Al remitir el interesado sus datos, expresamente autoriza la utilizaci\u00f3n de los mismos para realizar comunicaciones peri\u00f3dicas, incluyendo las que se realicen v\u00eda correo electr\u00f3nico, que El Vestidor de Emma llevar\u00e1 a cabo. El Vestidor de Emma le informa de su derecho de acceso, rectificaci\u00f3n, oposici\u00f3n y cancelaci\u00f3n de estos datos mediante carta dirigida a El Vestidor de Emma: Protecci\u00f3n de datos,  Calle Berl\u00edn, n\u00ba29,  41808 Villanueva del Ariscal, Sevilla. <\/p>\n\n\n\n<h3 class=\"wp-block-heading\">Nota Legal<\/h3>\n\n\n\n<p>En cumplimiento de la LEY 34\/2002, del 11 de julio, de servicios de la sociedad de la informaci\u00f3n y de comercio electr\u00f3nico (LSSI-CE), a trav\u00e9s de este Aviso Legal se informa a los usuarios que el titular de este sitio Web es EMSC con CIF B90479510, con nombre fiscal MUSATEX INTERNACIONAL 2020 S.L. y comercial El Vestidor de Emma y domicilio social en  Calle Berl\u00edn, n\u00ba29,  41808 Villanueva del Ariscal, Sevilla (info@elvestidordeemma.com).  <\/p>\n\n\n\n<h3 class=\"wp-block-heading\">Compromiso de confidencialidad y protecci\u00f3n de datos<\/h3>\n\n\n\n<p>A los efectos de la ley org\u00e1nica 15\/1999, de protecci\u00f3n de datos de car\u00e1cter personal, le informamos de que los datos recabados en nuestros formularios ser\u00e1n incluidos en un fichero automatizado de datos cuya \u00fanica finalidad es poder servir a sus peticiones. No se destinar\u00e1n en ning\u00fan otro caso a ninguna otra finalidad, ni se entregar\u00e1n en ning\u00fan caso a terceras partes, de acuerdo con los principios de protecci\u00f3n de datos de car\u00e1cter personal de la LORTAD (ley org\u00e1nica 15\/1999, de 13 de diciembre).<\/p>\n\n\n\n<h3 class=\"wp-block-heading\">Derecho de oposici\u00f3n, correcci\u00f3n y actualizaci\u00f3n de datos<\/h3>\n\n\n\n<p>\u201cSeg\u00fan el art. 5 de la Ley Org\u00e1nica 15\/99 de Protecci\u00f3n de Datos de Car\u00e1cter Personal, a la persona f\u00edsica titular de los datos requeridos en este documento se le informa de la existencia de una base de datos propiedad de El Vestidor de Emma, de la cual formar\u00e1 parte. Por medio del env\u00edo de nuestros formularios, vd. consiente expresamente la comunicaci\u00f3n de sus datos a El Vestidor de Emma as\u00ed como a quien colabore con El Vestidor de Emma en la prestaci\u00f3n de estos servicios\u201d. El derecho de acceso, rectificaci\u00f3n, cancelaci\u00f3n y oposici\u00f3n, podr\u00e1 ser ejercitado remiti\u00e9ndose a El Vestidor de Emma (info@elvestidordeemma.com), responsable del tratamiento, en base a lo establecido en la legislaci\u00f3n vigente.\u201d<\/p>\n","protected":false},"excerpt":{"rendered":"<p>Privacidad En cumplimiento de la LOPD 15\/1999 y de la LSSI-CE 34\/2002, se informa al interesado que los datos de car\u00e1cter personal que voluntariamente facilita, incluido su correo electr\u00f3nico, se incorporar\u00e1n a un fichero automatizado propiedad y responsabilidad de El Vestidor de Emma. Al remitir el interesado sus datos, expresamente autoriza la utilizaci\u00f3n de los [&hellip;]<\/p>\n","protected":false},"author":1,"featured_media":0,"parent":0,"menu_order":0,"comment_status":"closed","ping_status":"closed","template":"","meta":{"footnotes":""},"class_list":["post-133","page","type-page","status-publish","hentry"],"_links":{"self":[{"href":"https:\/\/elvestidordeemma.com\/index.php\/wp-json\/wp\/v2\/pages\/133","targetHints":{"allow":["GET"]}}],"collection":[{"href":"https:\/\/elvestidordeemma.com\/index.php\/wp-json\/wp\/v2\/pages"}],"about":[{"href":"https:\/\/elvestidordeemma.com\/index.php\/wp-json\/wp\/v2\/types\/page"}],"author":[{"embeddable":true,"href":"https:\/\/elvestidordeemma.com\/index.php\/wp-json\/wp\/v2\/users\/1"}],"replies":[{"embeddable":true,"href":"https:\/\/elvestidordeemma.com\/index.php\/wp-json\/wp\/v2\/comments?post=133"}],"version-history":[{"count":3,"href":"https:\/\/elvestidordeemma.com\/index.php\/wp-json\/wp\/v2\/pages\/133\/revisions"}],"predecessor-version":[{"id":24227,"href":"https:\/\/elvestidordeemma.com\/index.php\/wp-json\/wp\/v2\/pages\/133\/revisions\/24227"}],"wp:attachment":[{"href":"https:\/\/elvestidordeemma.com\/index.php\/wp-json\/wp\/v2\/media?parent=133"}],"curies":[{"name":"wp","href":"https:\/\/api.w.org\/{rel}","templated":true}]}}